{"id":1697,"date":"2021-01-30T08:27:32","date_gmt":"2021-01-30T06:27:32","guid":{"rendered":"https:\/\/liimattalanloma.fi\/?page_id=1697"},"modified":"2021-03-01T15:14:05","modified_gmt":"2021-03-01T13:14:05","slug":"harrastusvalinehinnasto","status":"publish","type":"page","link":"https:\/\/liimattalanloma.fi\/fi\/aktiviteetit\/harrastusvalinehinnasto\/","title":{"rendered":"Harrastusv\u00e4linehinnasto"},"content":{"rendered":"\n<h1 class=\"wp-block-heading\">Harrastusv\u00e4linehinnasto<\/h1>\n\n\n\n<figure class=\"wp-block-table is-style-regular equipment_table\"><table><thead><tr><th><\/th><th>Euroa\/<br>vrk<\/th><th>Euroa\/<br>viikko<\/th><\/tr><\/thead><tbody><tr><td>J\u00e4\u00e4kaira+j\u00e4\u00e4saha<\/td><td>2<\/td><td>10<\/td><\/tr><tr><td>Pulkka<\/td><td>1<\/td><td>5<\/td><\/tr><tr><td>Stiga-kelkka<\/td><td>2<\/td><td>10<\/td><\/tr><tr><td>Lumikeng\u00e4t<\/td><td>20<\/td><td>80<\/td><\/tr><tr><td>Potkukelkka<\/td><td>2<\/td><td>10<\/td><\/tr><tr><td>Polkupy\u00f6r\u00e4<\/td><td>5<\/td><td>25<\/td><\/tr><tr><td>Petankki<\/td><td>2<\/td><td>10<\/td><\/tr><tr><td>M\u00f6lkky<\/td><td>2<\/td><td>10<\/td><\/tr><tr><td>Kumivene<\/td><td>10<\/td><td>40<\/td><\/tr><tr><td>Soutuvene<\/td><td>30<\/td><td>140<\/td><\/tr><tr><td>Soutuvene + 4 hv:n<br>per\u00e4moottori*<\/td><td>60<\/td><td>240<\/td><\/tr><tr><td>Per\u00e4moottori*<br>(moottorin saa my\u00f6s s\u00e4hk\u00f6isen\u00e4)<\/td><td>40<\/td><td>140<\/td><\/tr><tr><td>Per\u00e4moottori*<br>m\u00f6kin vuokraajille<\/td><td><\/td><td>70<\/td><\/tr><tr><td>Kajakki (2 hl\u00f6\u00e4)<\/td><td>30<\/td><td>140<\/td><\/tr><\/tbody><\/table><\/figure>\n\n\n\n<p class=\"OBS\">* Per\u00e4moottorien vuokra ei sis\u00e4ll\u00e4 polttoainetta!<\/p>\n","protected":false},"excerpt":{"rendered":"<p>Harrastusv\u00e4linehinnasto Euroa\/vrk Euroa\/viikko J\u00e4\u00e4kaira+j\u00e4\u00e4saha 2 10 Pulkka 1 5 Stiga-kelkka 2 10 Lumikeng\u00e4t 20 80 Potkukelkka 2 10 Polkupy\u00f6r\u00e4 5 25 Petankki 2 10 M\u00f6lkky 2 10 Kumivene 10 40 Soutuvene 30 140 Soutuvene + 4 hv:nper\u00e4moottori* 60 240 Per\u00e4moottori*(moottorin &hellip; <a class=\"kt-excerpt-readmore more-link\" href=\"https:\/\/liimattalanloma.fi\/fi\/aktiviteetit\/harrastusvalinehinnasto\/\">Read More<\/a><\/p>\n","protected":false},"author":1,"featured_media":0,"parent":38,"menu_order":0,"comment_status":"closed","ping_status":"closed","template":"","meta":{"kt_blocks_editor_width":"","footnotes":""},"class_list":["post-1697","page","type-page","status-publish","hentry"],"_links":{"self":[{"href":"https:\/\/liimattalanloma.fi\/fi\/wp-json\/wp\/v2\/pages\/1697","targetHints":{"allow":["GET"]}}],"collection":[{"href":"https:\/\/liimattalanloma.fi\/fi\/wp-json\/wp\/v2\/pages"}],"about":[{"href":"https:\/\/liimattalanloma.fi\/fi\/wp-json\/wp\/v2\/types\/page"}],"author":[{"embeddable":true,"href":"https:\/\/liimattalanloma.fi\/fi\/wp-json\/wp\/v2\/users\/1"}],"replies":[{"embeddable":true,"href":"https:\/\/liimattalanloma.fi\/fi\/wp-json\/wp\/v2\/comments?post=1697"}],"version-history":[{"count":0,"href":"https:\/\/liimattalanloma.fi\/fi\/wp-json\/wp\/v2\/pages\/1697\/revisions"}],"up":[{"embeddable":true,"href":"https:\/\/liimattalanloma.fi\/fi\/wp-json\/wp\/v2\/pages\/38"}],"wp:attachment":[{"href":"https:\/\/liimattalanloma.fi\/fi\/wp-json\/wp\/v2\/media?parent=1697"}],"curies":[{"name":"wp","href":"https:\/\/api.w.org\/{rel}","templated":true}]}}