{"id":1723,"date":"2021-01-31T09:23:19","date_gmt":"2021-01-31T07:23:19","guid":{"rendered":"https:\/\/liimattalanloma.fi\/?page_id=1723"},"modified":"2025-12-26T11:30:22","modified_gmt":"2025-12-26T09:30:22","slug":"hinnasto","status":"publish","type":"page","link":"https:\/\/liimattalanloma.fi\/fi\/hinnasto\/","title":{"rendered":"Hinnasto"},"content":{"rendered":"<style>.wp-block-kadence-advancedheading.kt-adv-heading1723_31c2a7-17, .wp-block-kadence-advancedheading.kt-adv-heading1723_31c2a7-17[data-kb-block=\"kb-adv-heading1723_31c2a7-17\"]{font-weight:normal;font-style:normal;letter-spacing:0.8px;}.wp-block-kadence-advancedheading.kt-adv-heading1723_31c2a7-17 mark.kt-highlight, .wp-block-kadence-advancedheading.kt-adv-heading1723_31c2a7-17[data-kb-block=\"kb-adv-heading1723_31c2a7-17\"] mark.kt-highlight{font-weight:normal;font-style:normal;color:#f76a0c;-webkit-box-decoration-break:clone;box-decoration-break:clone;padding-top:0px;padding-right:0px;padding-bottom:0px;padding-left:0px;}.wp-block-kadence-advancedheading.kt-adv-heading1723_31c2a7-17 img.kb-inline-image, .wp-block-kadence-advancedheading.kt-adv-heading1723_31c2a7-17[data-kb-block=\"kb-adv-heading1723_31c2a7-17\"] img.kb-inline-image{width:150px;vertical-align:baseline;}<\/style>\n<h2 class=\"kt-adv-heading1723_31c2a7-17 wp-block-kadence-advancedheading has-ascend-primary-color has-text-color\" data-kb-block=\"kb-adv-heading1723_31c2a7-17\"><strong>Kontio-huvila<\/strong><\/h2>\n\n\n\n<p class=\"has-ascend-primary-color has-text-color\" style=\"font-size:19px\">Vuokrattava v\u00e4hint\u00e4\u00e4n kahdeksi vuorokaudeksi \/ viikonlopuksi<\/p>\n\n\n\n<figure class=\"wp-block-table is-style-regular pricelist_table\"><table><thead><tr><th><\/th><th>Viikko<br>\u20ac<\/th><th>Vkl<br>\u20ac<\/th><th>Vrk<br>\u20ac<\/th><th>Lis\u00e4<strong>&#8211;<\/strong><br>vrk<strong> <\/strong>\u20ac<\/th><\/tr><\/thead><tbody><tr><td>Talvi<br>1.9.\u201331.5.<\/td><td>560<\/td><td>250<\/td><td><\/td><td>90<\/td><\/tr><tr><td>Kes\u00e4<br>1.6.\u201331.8.<\/td><td>800<\/td><td><\/td><td><\/td><td><\/td><\/tr><tr><td>Yleiset loma-ajat<\/td><td><\/td><td><\/td><td>140<\/td><td><\/td><\/tr><tr><td>Puul\u00e4mmitteinen sauna<\/td><td>70<\/td><td>20<\/td><td>10<\/td><td><\/td><\/tr><\/tbody><\/table><\/figure>\n\n\n\n<p class=\"OBS\"><strong>HUOM!<\/strong> Loppusiivous sis\u00e4ltyy hintaan.<\/p>\n\n\n\n<p>Lakanat + pyyhkeet 10 euro henkil\u00f6lt\u00e4.<\/p>\n\n\n<style>.wp-block-kadence-spacer.kt-block-spacer-1723_d963c5-02 .kt-block-spacer{height:30px;}.wp-block-kadence-spacer.kt-block-spacer-1723_d963c5-02 .kt-divider{border-top-width:1px;height:1px;border-top-color:#2b547e;width:75%;border-top-style:dotted;}<\/style>\n<div class=\"wp-block-kadence-spacer aligncenter kt-block-spacer-1723_d963c5-02\"><div class=\"kt-block-spacer kt-block-spacer-halign-center\"><hr class=\"kt-divider\"\/><\/div><\/div>\n\n\n<style>.wp-block-kadence-advancedheading.kt-adv-heading1723_29100a-65, .wp-block-kadence-advancedheading.kt-adv-heading1723_29100a-65[data-kb-block=\"kb-adv-heading1723_29100a-65\"]{font-weight:normal;font-style:normal;letter-spacing:0.8px;}.wp-block-kadence-advancedheading.kt-adv-heading1723_29100a-65 mark.kt-highlight, .wp-block-kadence-advancedheading.kt-adv-heading1723_29100a-65[data-kb-block=\"kb-adv-heading1723_29100a-65\"] mark.kt-highlight{font-weight:normal;font-style:normal;color:#f76a0c;-webkit-box-decoration-break:clone;box-decoration-break:clone;padding-top:0px;padding-right:0px;padding-bottom:0px;padding-left:0px;}.wp-block-kadence-advancedheading.kt-adv-heading1723_29100a-65 img.kb-inline-image, .wp-block-kadence-advancedheading.kt-adv-heading1723_29100a-65[data-kb-block=\"kb-adv-heading1723_29100a-65\"] img.kb-inline-image{width:150px;vertical-align:baseline;}<\/style>\n<h2 class=\"kt-adv-heading1723_29100a-65 wp-block-kadence-advancedheading has-ascend-primary-color has-text-color\" data-kb-block=\"kb-adv-heading1723_29100a-65\"><strong>M\u00f6kkihotelli<\/strong><\/h2>\n\n\n\n<figure class=\"wp-block-table is-style-regular pricelist_table\"><table><thead><tr><th><\/th><th>Viikko<br>\u20ac<\/th><th>1. vrk<br>\u20ac<\/th><th>2. vrk<br>\u20ac<\/th><th>3. ja 4.<br>vrk \u20ac<\/th><th>5. ja 6.<br>vrk \u20ac<\/th><\/tr><\/thead><tbody><tr><td>Talvi<br>Kysy lis\u00e4tietoja<\/td><td><\/td><td><\/td><td><\/td><td><\/td><td><\/td><\/tr><tr><td>Kes\u00e4<br>1.4. &#8211; 30.11.<\/td><td>400<\/td><td>120<\/td><td>70<\/td><td>50<\/td><td>40<\/td><\/tr><\/tbody><\/table><\/figure>\n\n\n\n<p class=\"OBS\"><strong>HUOM!<\/strong> Loppusiivous sis\u00e4ltyy hintaan.<\/p>\n","protected":false},"excerpt":{"rendered":"<p>Kontio-huvila Vuokrattava v\u00e4hint\u00e4\u00e4n kahdeksi vuorokaudeksi \/ viikonlopuksi Viikko\u20ac Vkl\u20ac Vrk\u20ac Lis\u00e4&#8211;vrk \u20ac Talvi1.9.\u201331.5. 560 250 90 Kes\u00e41.6.\u201331.8. 800 Yleiset loma-ajat 140 Puul\u00e4mmitteinen sauna 70 20 10 HUOM! Loppusiivous sis\u00e4ltyy hintaan. Lakanat + pyyhkeet 10 euro henkil\u00f6lt\u00e4. M\u00f6kkihotelli Viikko\u20ac 1. vrk\u20ac &hellip; <a class=\"kt-excerpt-readmore more-link\" href=\"https:\/\/liimattalanloma.fi\/fi\/hinnasto\/\">Read More<\/a><\/p>\n","protected":false},"author":1,"featured_media":0,"parent":0,"menu_order":0,"comment_status":"closed","ping_status":"closed","template":"","meta":{"kt_blocks_editor_width":"","footnotes":""},"class_list":["post-1723","page","type-page","status-publish","hentry"],"_links":{"self":[{"href":"https:\/\/liimattalanloma.fi\/fi\/wp-json\/wp\/v2\/pages\/1723","targetHints":{"allow":["GET"]}}],"collection":[{"href":"https:\/\/liimattalanloma.fi\/fi\/wp-json\/wp\/v2\/pages"}],"about":[{"href":"https:\/\/liimattalanloma.fi\/fi\/wp-json\/wp\/v2\/types\/page"}],"author":[{"embeddable":true,"href":"https:\/\/liimattalanloma.fi\/fi\/wp-json\/wp\/v2\/users\/1"}],"replies":[{"embeddable":true,"href":"https:\/\/liimattalanloma.fi\/fi\/wp-json\/wp\/v2\/comments?post=1723"}],"version-history":[{"count":0,"href":"https:\/\/liimattalanloma.fi\/fi\/wp-json\/wp\/v2\/pages\/1723\/revisions"}],"wp:attachment":[{"href":"https:\/\/liimattalanloma.fi\/fi\/wp-json\/wp\/v2\/media?parent=1723"}],"curies":[{"name":"wp","href":"https:\/\/api.w.org\/{rel}","templated":true}]}}