{"id":37,"date":"2020-12-05T09:55:41","date_gmt":"2020-12-05T07:55:41","guid":{"rendered":"https:\/\/liimattalanloma.fi\/?page_id=37"},"modified":"2025-12-26T14:23:07","modified_gmt":"2025-12-26T12:23:07","slug":"kartta","status":"publish","type":"page","link":"https:\/\/liimattalanloma.fi\/fi\/kartta\/","title":{"rendered":"Kartta"},"content":{"rendered":"\n<p>Puumala sijaitsee It\u00e4-Suomen l\u00e4\u00e4niss\u00e4, Etel\u00e4-Savossa. Sinne on matkaa Helsingist\u00e4 320 km, Lappeenrannasta 100 km, Mikkelist\u00e4 82 km ja Imatralta 60 km.<\/p>\n\n\n\n<p>Kontio ja M\u00f6kkihotelli sijaitsevat Puumalan Liimattalansaaressa. Matkaa m\u00f6keille Puumalan keskustasta tulee noin 18 km ja matkalla on my\u00f6s jatkuvasti liikenn\u00f6iv\u00e4 H\u00e4tinvirran lossi.<\/p>\n\n\n","protected":false},"excerpt":{"rendered":"<p>Puumala sijaitsee It\u00e4-Suomen l\u00e4\u00e4niss\u00e4, Etel\u00e4-Savossa. Sinne on matkaa Helsingist\u00e4 320 km, Lappeenrannasta 100 km, Mikkelist\u00e4 82 km ja Imatralta 60 km. Kontio ja M\u00f6kkihotelli sijaitsevat Puumalan Liimattalansaaressa. Matkaa m\u00f6keille Puumalan keskustasta tulee noin 18 km ja matkalla on my\u00f6s jatkuvasti &hellip; <a class=\"kt-excerpt-readmore more-link\" href=\"https:\/\/liimattalanloma.fi\/fi\/kartta\/\">Read More<\/a><\/p>\n","protected":false},"author":1,"featured_media":0,"parent":0,"menu_order":0,"comment_status":"closed","ping_status":"closed","template":"","meta":{"kt_blocks_editor_width":"","footnotes":""},"class_list":["post-37","page","type-page","status-publish","hentry"],"_links":{"self":[{"href":"https:\/\/liimattalanloma.fi\/fi\/wp-json\/wp\/v2\/pages\/37","targetHints":{"allow":["GET"]}}],"collection":[{"href":"https:\/\/liimattalanloma.fi\/fi\/wp-json\/wp\/v2\/pages"}],"about":[{"href":"https:\/\/liimattalanloma.fi\/fi\/wp-json\/wp\/v2\/types\/page"}],"author":[{"embeddable":true,"href":"https:\/\/liimattalanloma.fi\/fi\/wp-json\/wp\/v2\/users\/1"}],"replies":[{"embeddable":true,"href":"https:\/\/liimattalanloma.fi\/fi\/wp-json\/wp\/v2\/comments?post=37"}],"version-history":[{"count":0,"href":"https:\/\/liimattalanloma.fi\/fi\/wp-json\/wp\/v2\/pages\/37\/revisions"}],"wp:attachment":[{"href":"https:\/\/liimattalanloma.fi\/fi\/wp-json\/wp\/v2\/media?parent=37"}],"curies":[{"name":"wp","href":"https:\/\/api.w.org\/{rel}","templated":true}]}}