{"id":38,"date":"2020-12-05T09:55:41","date_gmt":"2020-12-05T07:55:41","guid":{"rendered":"https:\/\/liimattalanloma.fi\/?page_id=38"},"modified":"2025-12-27T11:12:22","modified_gmt":"2025-12-27T09:12:22","slug":"aktiviteetit","status":"publish","type":"page","link":"https:\/\/liimattalanloma.fi\/fi\/aktiviteetit\/","title":{"rendered":"Aktiviteetit"},"content":{"rendered":"\n<div class=\"wp-block-columns is-layout-flex wp-container-core-columns-is-layout-9d6595d7 wp-block-columns-is-layout-flex\">\n<div class=\"wp-block-column is-layout-flow wp-block-column-is-layout-flow\" style=\"flex-basis:40%\">\n<p>Liimattalan loma on rakentanut vuonna 2011 Puumalan etel\u00e4isen saariston korkeimmalle paikalle, S\u00e4kkim\u00e4elle, laavun kaikkien vapaaseen k\u00e4ytt\u00f6\u00f6n. Laavulla on nuotiopaikka ja halkoja, mutta tulitikut ja sytykkeet kannattaa ottaa mukaan. M\u00e4elt\u00e4 avautuvat hienot n\u00e4k\u00f6alat Saimaalle, ja hyv\u00e4ll\u00e4 s\u00e4\u00e4ll\u00e4 voi n\u00e4hd\u00e4 jopa Lappeenrantaan saakka. Laavun pysyminen jatkossakin kaikkien k\u00e4ytett\u00e4viss\u00e4 olevana retkeilypaikkana on kaikkien vastuulla, joten vieth\u00e4n laavulta l\u00e4htiess\u00e4si pois kaiken, mink\u00e4 sinne tuot, ja huolehdit siit\u00e4, ett\u00e4 ymp\u00e4rist\u00f6 j\u00e4\u00e4 j\u00e4ljilt\u00e4si siistiksi. Liimattalan loma ja luonto kiitt\u00e4v\u00e4t!<\/p>\n<\/div>\n\n\n\n<div class=\"wp-block-column is-layout-flow wp-block-column-is-layout-flow\" style=\"flex-basis:60%\"><style>.wp-block-kadence-advancedgallery.kb-gallery-wrap-id-38_290e4a-22{margin-top:0px;margin-right:0px;margin-bottom:0px;margin-left:0px;}.kb-gallery-id-38_290e4a-22 .kadence-blocks-gallery-item .kb-gal-image-radius, .kb-gallery-id-38_290e4a-22 .kb-slide-item .kb-gal-image-radius img{border-radius:0px 0px 0px 0px;;}.kb-gallery-wrap-id-38_290e4a-22.wp-block-kadence-advancedgallery{overflow:visible;}.kb-gallery-wrap-id-38_290e4a-22.wp-block-kadence-advancedgallery .kt-blocks-carousel{overflow:visible;}<\/style><div class=\"kb-gallery-wrap-id-38_290e4a-22 alignnone laavu_gallery wp-block-kadence-advancedgallery\"><div class=\"kb-gallery-ul kb-gallery-non-static kb-gallery-type-slider kb-gallery-id-38_290e4a-22 kb-gallery-caption-style-bottom-hover kb-gallery-filter-none kb-gallery-magnific-init\" data-image-filter=\"none\" data-lightbox-caption=\"false\"><div class=\"kt-blocks-carousel splide kt-carousel-container-dotstyle-dark kt-carousel-arrowstyle-whiteondark kt-carousel-dotstyle-dark kb-slider-group-arrow kb-slider-arrow-position-center\" data-slider-anim-speed=\"400\" data-slider-scroll=\"1\" data-slider-arrows=\"true\" data-slider-fade=\"true\" data-slider-dots=\"true\" data-slider-type=\"slider\" data-slider-hover-pause=\"false\" data-slider-auto=\"\" data-slider-speed=\"7000\" data-show-pause-button=\"false\"><div class=\"splide__track\"><ul class=\"kt-blocks-carousel-init kb-blocks-slider splide__list\"><li class=\"kb-slide-item kb-gallery-slide-item splide__slide\"><div class=\"kadence-blocks-gallery-item\"><div class=\"kadence-blocks-gallery-item-inner\"><figure class=\"kb-gallery-figure kb-gallery-item-has-link kadence-blocks-gallery-item-hide-caption\"><a href=\"https:\/\/liimattalanloma.fi\/wp-content\/uploads\/2021\/06\/Laavu_kesa03.jpg\" class=\"kb-gallery-item-link\"   role=\"button\" aria-haspopup=\"dialog\"><div class=\"kb-gal-image-radius\"><div class=\"kb-gallery-image-contain kadence-blocks-gallery-intrinsic kb-gallery-image-ratio-inherit kb-has-image-ratio-inherit\" ><img loading=\"lazy\" decoding=\"async\" src=\"https:\/\/liimattalanloma.fi\/wp-content\/uploads\/2021\/06\/Laavu_kesa03-1024x632.jpg\" width=\"1024\" height=\"632\" alt=\"\" data-full-image=\"https:\/\/liimattalanloma.fi\/wp-content\/uploads\/2021\/06\/Laavu_kesa03.jpg\" data-light-image=\"https:\/\/liimattalanloma.fi\/wp-content\/uploads\/2021\/06\/Laavu_kesa03.jpg\" data-id=\"2390\" class=\"wp-image-2390 skip-lazy\" srcset=\"https:\/\/liimattalanloma.fi\/wp-content\/uploads\/2021\/06\/Laavu_kesa03-1024x632.jpg 1024w, https:\/\/liimattalanloma.fi\/wp-content\/uploads\/2021\/06\/Laavu_kesa03-300x185.jpg 300w, https:\/\/liimattalanloma.fi\/wp-content\/uploads\/2021\/06\/Laavu_kesa03-768x474.jpg 768w, https:\/\/liimattalanloma.fi\/wp-content\/uploads\/2021\/06\/Laavu_kesa03.jpg 1450w\" sizes=\"auto, (max-width: 1024px) 100vw, 1024px\" \/><\/div><\/div><\/a><\/figure><\/div><\/div><\/li><li class=\"kb-slide-item kb-gallery-slide-item splide__slide\"><div class=\"kadence-blocks-gallery-item\"><div class=\"kadence-blocks-gallery-item-inner\"><figure class=\"kb-gallery-figure kb-gallery-item-has-link kadence-blocks-gallery-item-hide-caption\"><a href=\"https:\/\/liimattalanloma.fi\/wp-content\/uploads\/2021\/06\/Laavu_kesa02.jpg\" class=\"kb-gallery-item-link\"   role=\"button\" aria-haspopup=\"dialog\"><div class=\"kb-gal-image-radius\"><div class=\"kb-gallery-image-contain kadence-blocks-gallery-intrinsic kb-gallery-image-ratio-inherit kb-has-image-ratio-inherit\" ><img loading=\"lazy\" decoding=\"async\" src=\"https:\/\/liimattalanloma.fi\/wp-content\/uploads\/2021\/06\/Laavu_kesa02-1024x632.jpg\" width=\"1024\" height=\"632\" alt=\"\" data-full-image=\"https:\/\/liimattalanloma.fi\/wp-content\/uploads\/2021\/06\/Laavu_kesa02.jpg\" data-light-image=\"https:\/\/liimattalanloma.fi\/wp-content\/uploads\/2021\/06\/Laavu_kesa02.jpg\" data-id=\"2389\" class=\"wp-image-2389 skip-lazy\" srcset=\"https:\/\/liimattalanloma.fi\/wp-content\/uploads\/2021\/06\/Laavu_kesa02-1024x632.jpg 1024w, https:\/\/liimattalanloma.fi\/wp-content\/uploads\/2021\/06\/Laavu_kesa02-300x185.jpg 300w, https:\/\/liimattalanloma.fi\/wp-content\/uploads\/2021\/06\/Laavu_kesa02-768x474.jpg 768w, https:\/\/liimattalanloma.fi\/wp-content\/uploads\/2021\/06\/Laavu_kesa02.jpg 1450w\" sizes=\"auto, (max-width: 1024px) 100vw, 1024px\" \/><\/div><\/div><\/a><\/figure><\/div><\/div><\/li><li class=\"kb-slide-item kb-gallery-slide-item splide__slide\"><div class=\"kadence-blocks-gallery-item\"><div class=\"kadence-blocks-gallery-item-inner\"><figure class=\"kb-gallery-figure kb-gallery-item-has-link kadence-blocks-gallery-item-hide-caption\"><a href=\"https:\/\/liimattalanloma.fi\/wp-content\/uploads\/2021\/06\/Laavu_kesa01.jpg\" class=\"kb-gallery-item-link\"   role=\"button\" aria-haspopup=\"dialog\"><div class=\"kb-gal-image-radius\"><div class=\"kb-gallery-image-contain kadence-blocks-gallery-intrinsic kb-gallery-image-ratio-inherit kb-has-image-ratio-inherit\" ><img loading=\"lazy\" decoding=\"async\" src=\"https:\/\/liimattalanloma.fi\/wp-content\/uploads\/2021\/06\/Laavu_kesa01-1024x632.jpg\" width=\"1024\" height=\"632\" alt=\"\" data-full-image=\"https:\/\/liimattalanloma.fi\/wp-content\/uploads\/2021\/06\/Laavu_kesa01.jpg\" data-light-image=\"https:\/\/liimattalanloma.fi\/wp-content\/uploads\/2021\/06\/Laavu_kesa01.jpg\" data-id=\"2388\" class=\"wp-image-2388 skip-lazy\" srcset=\"https:\/\/liimattalanloma.fi\/wp-content\/uploads\/2021\/06\/Laavu_kesa01-1024x632.jpg 1024w, https:\/\/liimattalanloma.fi\/wp-content\/uploads\/2021\/06\/Laavu_kesa01-300x185.jpg 300w, https:\/\/liimattalanloma.fi\/wp-content\/uploads\/2021\/06\/Laavu_kesa01-768x474.jpg 768w, https:\/\/liimattalanloma.fi\/wp-content\/uploads\/2021\/06\/Laavu_kesa01.jpg 1450w\" sizes=\"auto, (max-width: 1024px) 100vw, 1024px\" \/><\/div><\/div><\/a><\/figure><\/div><\/div><\/li><li class=\"kb-slide-item kb-gallery-slide-item splide__slide\"><div class=\"kadence-blocks-gallery-item\"><div class=\"kadence-blocks-gallery-item-inner\"><figure class=\"kb-gallery-figure kb-gallery-item-has-link kadence-blocks-gallery-item-hide-caption\"><a href=\"https:\/\/liimattalanloma.fi\/wp-content\/uploads\/2021\/03\/Laavu01.jpg\" class=\"kb-gallery-item-link\"   role=\"button\" aria-haspopup=\"dialog\"><div class=\"kb-gal-image-radius\"><div class=\"kb-gallery-image-contain kadence-blocks-gallery-intrinsic kb-gallery-image-ratio-inherit kb-has-image-ratio-inherit\" ><img loading=\"lazy\" decoding=\"async\" src=\"https:\/\/liimattalanloma.fi\/wp-content\/uploads\/2021\/03\/Laavu01-1024x632.jpg\" width=\"1024\" height=\"632\" alt=\"\" data-full-image=\"https:\/\/liimattalanloma.fi\/wp-content\/uploads\/2021\/03\/Laavu01.jpg\" data-light-image=\"https:\/\/liimattalanloma.fi\/wp-content\/uploads\/2021\/03\/Laavu01.jpg\" data-id=\"2348\" class=\"wp-image-2348 skip-lazy\" srcset=\"https:\/\/liimattalanloma.fi\/wp-content\/uploads\/2021\/03\/Laavu01-1024x632.jpg 1024w, https:\/\/liimattalanloma.fi\/wp-content\/uploads\/2021\/03\/Laavu01-300x185.jpg 300w, https:\/\/liimattalanloma.fi\/wp-content\/uploads\/2021\/03\/Laavu01-768x474.jpg 768w, https:\/\/liimattalanloma.fi\/wp-content\/uploads\/2021\/03\/Laavu01.jpg 1450w\" sizes=\"auto, (max-width: 1024px) 100vw, 1024px\" \/><\/div><\/div><\/a><\/figure><\/div><\/div><\/li><li class=\"kb-slide-item kb-gallery-slide-item splide__slide\"><div class=\"kadence-blocks-gallery-item\"><div class=\"kadence-blocks-gallery-item-inner\"><figure class=\"kb-gallery-figure kb-gallery-item-has-link kadence-blocks-gallery-item-hide-caption\"><a href=\"https:\/\/liimattalanloma.fi\/wp-content\/uploads\/2021\/03\/Laavu03.jpg\" class=\"kb-gallery-item-link\"   role=\"button\" aria-haspopup=\"dialog\"><div class=\"kb-gal-image-radius\"><div class=\"kb-gallery-image-contain kadence-blocks-gallery-intrinsic kb-gallery-image-ratio-inherit kb-has-image-ratio-inherit\" ><img loading=\"lazy\" decoding=\"async\" src=\"https:\/\/liimattalanloma.fi\/wp-content\/uploads\/2021\/03\/Laavu03.jpg\" width=\"895\" height=\"895\" alt=\"\" data-full-image=\"https:\/\/liimattalanloma.fi\/wp-content\/uploads\/2021\/03\/Laavu03.jpg\" data-light-image=\"https:\/\/liimattalanloma.fi\/wp-content\/uploads\/2021\/03\/Laavu03.jpg\" data-id=\"2350\" class=\"wp-image-2350 skip-lazy\" srcset=\"https:\/\/liimattalanloma.fi\/wp-content\/uploads\/2021\/03\/Laavu03.jpg 895w, https:\/\/liimattalanloma.fi\/wp-content\/uploads\/2021\/03\/Laavu03-300x300.jpg 300w, https:\/\/liimattalanloma.fi\/wp-content\/uploads\/2021\/03\/Laavu03-150x150.jpg 150w, https:\/\/liimattalanloma.fi\/wp-content\/uploads\/2021\/03\/Laavu03-768x768.jpg 768w, https:\/\/liimattalanloma.fi\/wp-content\/uploads\/2021\/03\/Laavu03-600x600.jpg 600w\" sizes=\"auto, (max-width: 895px) 100vw, 895px\" \/><\/div><\/div><\/a><\/figure><\/div><\/div><\/li><li class=\"kb-slide-item kb-gallery-slide-item splide__slide\"><div class=\"kadence-blocks-gallery-item\"><div class=\"kadence-blocks-gallery-item-inner\"><figure class=\"kb-gallery-figure kb-gallery-item-has-link kadence-blocks-gallery-item-hide-caption\"><a href=\"https:\/\/liimattalanloma.fi\/wp-content\/uploads\/2021\/03\/Laavu04.jpg\" class=\"kb-gallery-item-link\"   role=\"button\" aria-haspopup=\"dialog\"><div class=\"kb-gal-image-radius\"><div class=\"kb-gallery-image-contain kadence-blocks-gallery-intrinsic kb-gallery-image-ratio-inherit kb-has-image-ratio-inherit\" ><img loading=\"lazy\" decoding=\"async\" src=\"https:\/\/liimattalanloma.fi\/wp-content\/uploads\/2021\/03\/Laavu04-1024x632.jpg\" width=\"1024\" height=\"632\" alt=\"\" data-full-image=\"https:\/\/liimattalanloma.fi\/wp-content\/uploads\/2021\/03\/Laavu04.jpg\" data-light-image=\"https:\/\/liimattalanloma.fi\/wp-content\/uploads\/2021\/03\/Laavu04.jpg\" data-id=\"2351\" class=\"wp-image-2351 skip-lazy\" srcset=\"https:\/\/liimattalanloma.fi\/wp-content\/uploads\/2021\/03\/Laavu04-1024x632.jpg 1024w, https:\/\/liimattalanloma.fi\/wp-content\/uploads\/2021\/03\/Laavu04-300x185.jpg 300w, https:\/\/liimattalanloma.fi\/wp-content\/uploads\/2021\/03\/Laavu04-768x474.jpg 768w, https:\/\/liimattalanloma.fi\/wp-content\/uploads\/2021\/03\/Laavu04.jpg 1450w\" sizes=\"auto, (max-width: 1024px) 100vw, 1024px\" \/><\/div><\/div><\/a><\/figure><\/div><\/div><\/li><li class=\"kb-slide-item kb-gallery-slide-item splide__slide\"><div class=\"kadence-blocks-gallery-item\"><div class=\"kadence-blocks-gallery-item-inner\"><figure class=\"kb-gallery-figure kb-gallery-item-has-link kadence-blocks-gallery-item-hide-caption\"><a href=\"https:\/\/liimattalanloma.fi\/wp-content\/uploads\/2021\/03\/Laavu02.jpg\" class=\"kb-gallery-item-link\"   role=\"button\" aria-haspopup=\"dialog\"><div class=\"kb-gal-image-radius\"><div class=\"kb-gallery-image-contain kadence-blocks-gallery-intrinsic kb-gallery-image-ratio-inherit kb-has-image-ratio-inherit\" ><img loading=\"lazy\" decoding=\"async\" src=\"https:\/\/liimattalanloma.fi\/wp-content\/uploads\/2021\/03\/Laavu02-1024x632.jpg\" width=\"1024\" height=\"632\" alt=\"\" data-full-image=\"https:\/\/liimattalanloma.fi\/wp-content\/uploads\/2021\/03\/Laavu02.jpg\" data-light-image=\"https:\/\/liimattalanloma.fi\/wp-content\/uploads\/2021\/03\/Laavu02.jpg\" data-id=\"2349\" class=\"wp-image-2349 skip-lazy\" srcset=\"https:\/\/liimattalanloma.fi\/wp-content\/uploads\/2021\/03\/Laavu02-1024x632.jpg 1024w, https:\/\/liimattalanloma.fi\/wp-content\/uploads\/2021\/03\/Laavu02-300x185.jpg 300w, https:\/\/liimattalanloma.fi\/wp-content\/uploads\/2021\/03\/Laavu02-768x474.jpg 768w, https:\/\/liimattalanloma.fi\/wp-content\/uploads\/2021\/03\/Laavu02.jpg 1450w\" sizes=\"auto, (max-width: 1024px) 100vw, 1024px\" \/><\/div><\/div><\/a><\/figure><\/div><\/div><\/li><\/ul><\/div><\/div><\/div><\/div>\n\n\n<p><\/p>\n<\/div>\n<\/div>\n\n\n\n<p>Muita merkitt\u00e4vi\u00e4 luontokohteita Puumalassa ovat valtakunnallistakin tunnustusta saanut Norppapolku ja Liimattalan naapurisaaressa Niinisaaressa sijaitseva ekomuseo Liehtalanniemi. Niist\u00e4 ja muista Puumalan aktiviteeteista saa lis\u00e4tietoa osoitteesta <a href=\"https:\/\/visitpuumala.fi\/\" data-type=\"URL\" data-id=\"https:\/\/visitpuumala.fi\/\" target=\"_blank\" rel=\"noreferrer noopener\">visitpuumala.fi<\/a>.<\/p>\n\n\n\n<p>Kaikki Liimattalan loman m\u00f6kit sijaitsevat Saimaan rannalla, joten kalastamaan p\u00e4\u00e4see l\u00e4hes terassilta. Viehekalastuslupia saa osoitteesta <a href=\"https:\/\/www.eraluvat.fi\/kalastus\/kalastusmaksut-ja-luvat.html\" target=\"_blank\" rel=\"noreferrer noopener\">https:\/\/www.eraluvat.fi\/kalastus\/kalastusmaksut-ja-luvat.html<\/a>, ja verkko- ja katiskamerkkej\u00e4 voi hankkia osoitteesta <a href=\"https:\/\/puumalansaaristo.fi\/\">https:\/\/puumalansaaristo.fi<\/a>. Puumalan vesialueilla on norppia, joten verkkokalastus on kielletty alkukes\u00e4n ajan.<\/p>\n\n\n\n<p>Jos tekee mieli muikkua tai muita vedenantimia, mutta ei halua itse kalastaa, Puumalassa kannattaa k\u00e4\u00e4nty\u00e4 Kalakontin puoleen. Kalakontin myyntikoju on juhannuksesta loppukes\u00e4\u00e4n Puumalan alatorilla, ja muista myyntiajoista ja tarjonnasta saa tietoa osoitteesta kalakontti.fi.<\/p>\n\n\n\n<p>Kes\u00e4ll\u00e4 2017 avattiin 60 kilometri\u00e4 pitk\u00e4 Puumalan saaristoreitti ja kes\u00e4ll\u00e4 2020 puolestaan 154 kilometri\u00e4 pitk\u00e4 Saimaan saaristoreitti, jolla p\u00e4\u00e4see py\u00f6r\u00e4ilem\u00e4\u00e4n Saimaan ymp\u00e4ri. Reitit pystyy my\u00f6s yhdist\u00e4m\u00e4\u00e4n Lintusalosta Sarviniemeen liikenn\u00f6iv\u00e4n lautan ansiosta. Reiteist\u00e4 saa lis\u00e4tietoja ja lauttapaikat voi varata osoitteessa <a href=\"https:\/\/visitpuumala.fi\/\" data-type=\"URL\" data-id=\"https:\/\/visitpuumala.fi\/\" target=\"_blank\" rel=\"noreferrer noopener\">visitpuumala.fi<\/a>. Py\u00f6r\u00e4tt\u00f6myysk\u00e4\u00e4n ei haittaa, sill\u00e4 Saimaa Bikes Puumalassa vuokraa sek\u00e4 s\u00e4hk\u00f6- ett\u00e4 hybridipy\u00f6ri\u00e4. Siit\u00e4 lis\u00e4tietoa osoitteessa <a href=\"https:\/\/www.saimaabikes.fi\/\" data-type=\"URL\" data-id=\"https:\/\/www.saimaabikes.fi\/\" target=\"_blank\" rel=\"noreferrer noopener\">saimaabikes.fi<\/a>.<\/p>\n\n\n\n<p>Liimattalan m\u00f6kkej\u00e4 l\u00e4himm\u00e4t ravintolat ovat Nestorinranta Lintusalossa ja Niinipuu Niinisaaressa. Molempiin on noin kahdeksan kilometrin matka, ja lis\u00e4tietoa saa osoitteista <a href=\"https:\/\/nestorinranta.fi\/\" data-type=\"URL\" data-id=\"https:\/\/nestorinranta.fi\/\" target=\"_blank\" rel=\"noreferrer noopener\">nestorinranta.fi<\/a> ja <a href=\"https:\/\/www.okkolanlomamokit.com\/ravintola\/\" data-type=\"URL\" data-id=\"https:\/\/www.okkolanlomamokit.com\/ravintola\/\" target=\"_blank\" rel=\"noreferrer noopener\">okkolanlomamokit.com\/ravintola<\/a>.<\/p>\n\n\n\n<p>Liimattalan lomalla on tarjolla joitakin harrastusv\u00e4lineit\u00e4, hinnastoon p\u00e4\u00e4see <a href=\"https:\/\/liimattalanloma.fi\/aktiviteetit\/harrastusvalinehinnasto\/\" data-type=\"URL\">t\u00e4\u00e4lt\u00e4<\/a>.<\/p>\n","protected":false},"excerpt":{"rendered":"<p>Liimattalan loma on rakentanut vuonna 2011 Puumalan etel\u00e4isen saariston korkeimmalle paikalle, S\u00e4kkim\u00e4elle, laavun kaikkien vapaaseen k\u00e4ytt\u00f6\u00f6n. Laavulla on nuotiopaikka ja halkoja, mutta tulitikut ja sytykkeet kannattaa ottaa mukaan. M\u00e4elt\u00e4 avautuvat hienot n\u00e4k\u00f6alat Saimaalle, ja hyv\u00e4ll\u00e4 s\u00e4\u00e4ll\u00e4 voi n\u00e4hd\u00e4 jopa Lappeenrantaan &hellip; <a class=\"kt-excerpt-readmore more-link\" href=\"https:\/\/liimattalanloma.fi\/fi\/aktiviteetit\/\">Read More<\/a><\/p>\n","protected":false},"author":1,"featured_media":0,"parent":0,"menu_order":0,"comment_status":"closed","ping_status":"closed","template":"","meta":{"kt_blocks_editor_width":"","footnotes":""},"class_list":["post-38","page","type-page","status-publish","hentry"],"_links":{"self":[{"href":"https:\/\/liimattalanloma.fi\/fi\/wp-json\/wp\/v2\/pages\/38","targetHints":{"allow":["GET"]}}],"collection":[{"href":"https:\/\/liimattalanloma.fi\/fi\/wp-json\/wp\/v2\/pages"}],"about":[{"href":"https:\/\/liimattalanloma.fi\/fi\/wp-json\/wp\/v2\/types\/page"}],"author":[{"embeddable":true,"href":"https:\/\/liimattalanloma.fi\/fi\/wp-json\/wp\/v2\/users\/1"}],"replies":[{"embeddable":true,"href":"https:\/\/liimattalanloma.fi\/fi\/wp-json\/wp\/v2\/comments?post=38"}],"version-history":[{"count":0,"href":"https:\/\/liimattalanloma.fi\/fi\/wp-json\/wp\/v2\/pages\/38\/revisions"}],"wp:attachment":[{"href":"https:\/\/liimattalanloma.fi\/fi\/wp-json\/wp\/v2\/media?parent=38"}],"curies":[{"name":"wp","href":"https:\/\/api.w.org\/{rel}","templated":true}]}}